{"id":57,"date":"2024-09-20T12:08:30","date_gmt":"2024-09-20T10:08:30","guid":{"rendered":"https:\/\/sygnalisci.recman.pl\/?page_id=57"},"modified":"2024-09-27T10:03:09","modified_gmt":"2024-09-27T08:03:09","slug":"recman-sp-j-zgloszenia-naruszen","status":"publish","type":"page","link":"https:\/\/sygnalisci.recman.pl\/?page_id=57","title":{"rendered":"Recman Sp. J. &#8211; Zg\u0142oszenia narusze\u0144"},"content":{"rendered":"\t\t<div data-elementor-type=\"wp-page\" data-elementor-id=\"57\" class=\"elementor elementor-57\">\n\t\t\t\t<div class=\"elementor-element elementor-element-4d9d9a83 e-flex e-con-boxed e-con e-parent\" data-id=\"4d9d9a83\" data-element_type=\"container\">\n\t\t\t\t\t<div class=\"e-con-inner\">\n\t\t\t\t<div class=\"elementor-element elementor-element-476862d2 elementor-widget elementor-widget-text-editor\" data-id=\"476862d2\" data-element_type=\"widget\" data-widget_type=\"text-editor.default\">\n\t\t\t\t<div class=\"elementor-widget-container\">\n\t\t\t<style>\/*! elementor - v3.23.0 - 05-08-2024 *\/\n.elementor-widget-text-editor.elementor-drop-cap-view-stacked .elementor-drop-cap{background-color:#69727d;color:#fff}.elementor-widget-text-editor.elementor-drop-cap-view-framed .elementor-drop-cap{color:#69727d;border:3px solid;background-color:transparent}.elementor-widget-text-editor:not(.elementor-drop-cap-view-default) .elementor-drop-cap{margin-top:8px}.elementor-widget-text-editor:not(.elementor-drop-cap-view-default) .elementor-drop-cap-letter{width:1em;height:1em}.elementor-widget-text-editor .elementor-drop-cap{float:left;text-align:center;line-height:1;font-size:50px}.elementor-widget-text-editor .elementor-drop-cap-letter{display:inline-block}<\/style>\t\t\t\t<!-- wp:shortcode -->\n<div class=\"wpforms-container wpforms-container-full wpforms-render-modern\" id=\"wpforms-108\"><form id=\"wpforms-form-108\" class=\"wpforms-validate wpforms-form wpforms-ajax-form\" data-formid=\"108\" method=\"post\" enctype=\"multipart\/form-data\" action=\"\/?page_id=57\" data-token=\"8a861fa6def531107aa6f1bc7e145831\" data-token-time=\"1776562856\"><noscript class=\"wpforms-error-noscript\">Aby wype\u0142ni\u0107 ten formularz, w\u0142\u0105cz obs\u0142ug\u0119 JavaScript w przegl\u0105darce.<\/noscript><div class=\"wpforms-hidden\" id=\"wpforms-error-noscript\">Aby wype\u0142ni\u0107 ten formularz, w\u0142\u0105cz obs\u0142ug\u0119 JavaScript w przegl\u0105darce.<\/div><div class=\"wpforms-field-container\"><div id=\"wpforms-108-field_18-container\" class=\"wpforms-field wpforms-field-select wpforms-field-select-style-classic\" data-field-id=\"18\"><label class=\"wpforms-field-label\" for=\"wpforms-108-field_18\">Sp\u00f3\u0142ka kt\u00f3rej dotyczy zg\u0142oszenie <span class=\"wpforms-required-label\" aria-hidden=\"true\">*<\/span><\/label><select id=\"wpforms-108-field_18\" class=\"wpforms-field-medium wpforms-field-required\" name=\"wpforms[fields][18]\" required=\"required\"><option value=\"Recman J.S. Tulwin, R. Tulwin Sp. j.\"  selected='selected'>Recman J.S. Tulwin, R. Tulwin Sp. j.<\/option><\/select><\/div><div id=\"wpforms-108-field_21-container\" class=\"wpforms-field wpforms-field-text\" data-field-id=\"21\"><label class=\"wpforms-field-label\" for=\"wpforms-108-field_21\">Miejscowo\u015b\u0107, w kt\u00f3rej formularz zosta\u0142 wype\u0142niony <span class=\"wpforms-required-label\" aria-hidden=\"true\">*<\/span><\/label><input type=\"text\" id=\"wpforms-108-field_21\" class=\"wpforms-field-small wpforms-field-required\" name=\"wpforms[fields][21]\" aria-errormessage=\"wpforms-108-field_21-error\" required><\/div><div id=\"wpforms-108-field_22-container\" class=\"wpforms-field wpforms-field-text\" data-field-id=\"22\"><label class=\"wpforms-field-label\" for=\"wpforms-108-field_22\">Data wype\u0142nienia <span class=\"wpforms-required-label\" aria-hidden=\"true\">*<\/span><\/label><input type=\"text\" id=\"wpforms-108-field_22\" class=\"wpforms-field-small wpforms-field-required\" name=\"wpforms[fields][22]\" aria-errormessage=\"wpforms-108-field_22-error\" required><\/div><div id=\"wpforms-108-field_24-container\" class=\"wpforms-field wpforms-field-textarea\" data-field-id=\"24\"><label class=\"wpforms-field-label\" for=\"wpforms-108-field_24\">Kontekst zwi\u0105zany z prac\u0105 <span class=\"wpforms-required-label\" aria-hidden=\"true\">*<\/span><\/label><textarea id=\"wpforms-108-field_24\" class=\"wpforms-field-medium wpforms-field-required\" name=\"wpforms[fields][24]\" aria-errormessage=\"wpforms-108-field_24-error\" aria-describedby=\"wpforms-108-field_24-description\" required><\/textarea><div id=\"wpforms-108-field_24-description\" class=\"wpforms-field-description\">(Prosimy o wykazanie, i\u017c zg\u0142oszenie jest zwi\u0105zane z prac\u0105, tj. i\u017c posiada Pan\/Pani przesz\u0142e, obecne lub przysz\u0142e dzia\u0142ania zwi\u0105zane z wykonywaniem pracy na podstawie stosunku pracy lub innego stosunku prawnego stanowi\u0105cego podstaw\u0119 \u015bwiadczenia pracy lub us\u0142ug lub pe\u0142nienia funkcji w podmiocie u kt\u00f3rego zg\u0142asza Pan\/Pani naruszenie, lub pe\u0142nienia w nim s\u0142u\u017cby. Tylko przy spe\u0142nieniu tego warunku b\u0119dzie przys\u0142ugiwa\u0142 Pa\u0144stwu status sygnalisty.)<\/div><\/div><div id=\"wpforms-108-field_1-container\" class=\"wpforms-field wpforms-field-name\" data-field-id=\"1\"><fieldset><legend class=\"wpforms-field-label\">Dane Kontaktowe <span class=\"wpforms-required-label\" aria-hidden=\"true\">*<\/span><\/legend><div class=\"wpforms-field-row wpforms-field-medium\"><div class=\"wpforms-field-row-block wpforms-first wpforms-one-half\"><input type=\"text\" id=\"wpforms-108-field_1\" class=\"wpforms-field-name-first wpforms-field-required\" name=\"wpforms[fields][1][first]\" aria-errormessage=\"wpforms-108-field_1-error\" aria-describedby=\"wpforms-108-field_1-description\" required><label for=\"wpforms-108-field_1\" class=\"wpforms-field-sublabel after\">Imi\u0119<\/label><\/div><div class=\"wpforms-field-row-block wpforms-one-half\"><input type=\"text\" id=\"wpforms-108-field_1-last\" class=\"wpforms-field-name-last wpforms-field-required\" name=\"wpforms[fields][1][last]\" aria-errormessage=\"wpforms-108-field_1-last-error\" aria-describedby=\"wpforms-108-field_1-description\" required><label for=\"wpforms-108-field_1-last\" class=\"wpforms-field-sublabel after\">Nazwisko<\/label><\/div><\/div><div id=\"wpforms-108-field_1-description\" class=\"wpforms-field-description\">(podane dane kontaktowe zostan\u0105 obj\u0119te poufno\u015bci\u0105, co oznacza, \u017ce dost\u0119p do nich b\u0119d\u0105 mia\u0142y wy\u0142\u0105cznie osoby upowa\u017cnione do przyjmowania zg\u0142osze\u0144 oraz prowadzenia dzia\u0142a\u0144 wyja\u015bniaj\u0105cych)<\/div><\/fieldset><\/div><div id=\"wpforms-108-field_36-container\" class=\"wpforms-field wpforms-field-email\" data-field-id=\"36\"><label class=\"wpforms-field-label\" for=\"wpforms-108-field_36\">Adres e-mail <span class=\"wpforms-required-label\" aria-hidden=\"true\">*<\/span><\/label><input type=\"email\" id=\"wpforms-108-field_36\" class=\"wpforms-field-medium wpforms-field-required\" name=\"wpforms[fields][36]\" spellcheck=\"false\" aria-errormessage=\"wpforms-108-field_36-error\" required><\/div><div id=\"wpforms-108-field_35-container\" class=\"wpforms-field wpforms-field-text\" data-field-id=\"35\"><label class=\"wpforms-field-label\" for=\"wpforms-108-field_35\">Numer telefonu, adres korespondencyjny<\/label><input type=\"text\" id=\"wpforms-108-field_35\" class=\"wpforms-field-medium\" name=\"wpforms[fields][35]\" aria-errormessage=\"wpforms-108-field_35-error\" ><\/div><div id=\"wpforms-108-field_25-container\" class=\"wpforms-field wpforms-field-text\" data-field-id=\"25\"><label class=\"wpforms-field-label\" for=\"wpforms-108-field_25\">Data zaistnienia naruszenia \/ powzi\u0119cia wiadomo\u015bci o naruszeniu  <span class=\"wpforms-required-label\" aria-hidden=\"true\">*<\/span><\/label><input type=\"text\" id=\"wpforms-108-field_25\" class=\"wpforms-field-medium wpforms-field-required\" name=\"wpforms[fields][25]\" aria-errormessage=\"wpforms-108-field_25-error\" required><\/div><div id=\"wpforms-108-field_26-container\" class=\"wpforms-field wpforms-field-text\" data-field-id=\"26\"><label class=\"wpforms-field-label\" for=\"wpforms-108-field_26\">Miejsce zaistnienia naruszenia \/ powzi\u0119cia wiadomo\u015bci o naruszeniu  <span class=\"wpforms-required-label\" aria-hidden=\"true\">*<\/span><\/label><input type=\"text\" id=\"wpforms-108-field_26\" class=\"wpforms-field-medium wpforms-field-required\" name=\"wpforms[fields][26]\" aria-errormessage=\"wpforms-108-field_26-error\" required><\/div><div id=\"wpforms-108-field_27-container\" class=\"wpforms-field wpforms-field-checkbox wpforms-list-inline\" data-field-id=\"27\"><fieldset><legend class=\"wpforms-field-label\">Czy naruszenie zosta\u0142o zg\u0142oszone tak\u017ce do innego organu? <\/legend><ul id=\"wpforms-108-field_27\" data-choice-limit=\"1\"><li class=\"choice-1 depth-1\"><input type=\"checkbox\" id=\"wpforms-108-field_27_1\" data-rule-check-limit=\"true\" name=\"wpforms[fields][27][]\" value=\"TAK\" aria-errormessage=\"wpforms-108-field_27_1-error\"  ><label class=\"wpforms-field-label-inline\" for=\"wpforms-108-field_27_1\">TAK<\/label><\/li><li class=\"choice-2 depth-1\"><input type=\"checkbox\" id=\"wpforms-108-field_27_2\" data-rule-check-limit=\"true\" name=\"wpforms[fields][27][]\" value=\"NIE\" aria-errormessage=\"wpforms-108-field_27_2-error\"  ><label class=\"wpforms-field-label-inline\" for=\"wpforms-108-field_27_2\">NIE<\/label><\/li><\/ul><\/fieldset><\/div><div id=\"wpforms-108-field_30-container\" class=\"wpforms-field wpforms-field-text\" data-field-id=\"30\"><label class=\"wpforms-field-label\" for=\"wpforms-108-field_30\">Je\u015bli TAK to nale\u017cy wskaza\u0107 organ<\/label><input type=\"text\" id=\"wpforms-108-field_30\" class=\"wpforms-field-medium\" name=\"wpforms[fields][30]\" aria-errormessage=\"wpforms-108-field_30-error\" ><\/div><div id=\"wpforms-108-field_11-container\" class=\"wpforms-field wpforms-field-textarea\" data-field-id=\"11\"><label class=\"wpforms-field-label\" for=\"wpforms-108-field_11\">Opis zg\u0142aszanego naruszenia  <span class=\"wpforms-required-label\" aria-hidden=\"true\">*<\/span><\/label><textarea id=\"wpforms-108-field_11\" class=\"wpforms-field-medium wpforms-field-required\" name=\"wpforms[fields][11]\" aria-errormessage=\"wpforms-108-field_11-error\" aria-describedby=\"wpforms-108-field_11-description\" required><\/textarea><div id=\"wpforms-108-field_11-description\" class=\"wpforms-field-description\">(opis zdarzenia, z uwzgl\u0119dnieniem os\u00f3b istotnych dla jego zaistnienia, wskazanie czasu i miejsca, okoliczno\u015bci zdarzenia)<\/div><\/div><div id=\"wpforms-108-field_31-container\" class=\"wpforms-field wpforms-field-name\" data-field-id=\"31\"><label class=\"wpforms-field-label\" for=\"wpforms-108-field_31\">Potencjalni \u015bwiadkowie naruszenia<\/label><input type=\"text\" id=\"wpforms-108-field_31\" class=\"wpforms-field-medium\" name=\"wpforms[fields][31]\" aria-errormessage=\"wpforms-108-field_31-error\" aria-describedby=\"wpforms-108-field_31-description\" ><div id=\"wpforms-108-field_31-description\" class=\"wpforms-field-description\">(Imiona i nazwiska \u015bwiadk\u00f3w oraz stanowiska pracy &#8211; gdy dotyczy innej firmy to nale\u017cy wskaza\u0107 jej nazw\u0119 i NIP)<\/div><\/div><div id=\"wpforms-108-field_33-container\" class=\"wpforms-field wpforms-field-text\" data-field-id=\"33\"><label class=\"wpforms-field-label\" for=\"wpforms-108-field_33\">Wskazanie dowod\u00f3w istotnych dla sprawy<\/label><input type=\"text\" id=\"wpforms-108-field_33\" class=\"wpforms-field-medium\" name=\"wpforms[fields][33]\" aria-errormessage=\"wpforms-108-field_33-error\" ><\/div><div id=\"wpforms-108-field_34-container\" class=\"wpforms-field wpforms-field-text\" data-field-id=\"34\"><label class=\"wpforms-field-label\" for=\"wpforms-108-field_34\">Wskazanie okoliczno\u015bci jakie maj\u0105 by\u0107 stwierdzone w zwi\u0105zku z przeprowadzeniem dowodu<\/label><input type=\"text\" id=\"wpforms-108-field_34\" class=\"wpforms-field-medium\" name=\"wpforms[fields][34]\" aria-errormessage=\"wpforms-108-field_34-error\" ><\/div><div id=\"wpforms-108-field_9-container\" class=\"wpforms-field wpforms-field-text\" data-field-id=\"9\"><label class=\"wpforms-field-label\" for=\"wpforms-108-field_9\">Charakter naruszenia<\/label><input type=\"text\" id=\"wpforms-108-field_9\" class=\"wpforms-field-medium\" name=\"wpforms[fields][9]\" aria-errormessage=\"wpforms-108-field_9-error\" aria-describedby=\"wpforms-108-field_9-description\" ><div id=\"wpforms-108-field_9-description\" class=\"wpforms-field-description\">(nale\u017cy wyja\u015bni\u0107 jakich kategorii danych osobowych i os\u00f3b dotyczy zg\u0142oszenie)<\/div><\/div><div id=\"wpforms-108-field_20-container\" class=\"wpforms-field wpforms-field-radio\" data-field-id=\"20\"><fieldset><legend class=\"wpforms-field-label\"> <span class=\"wpforms-required-label\" aria-hidden=\"true\">*<\/span><\/legend><ul id=\"wpforms-108-field_20\" class=\"wpforms-field-required\"><li class=\"choice-1 depth-1\"><input type=\"radio\" id=\"wpforms-108-field_20_1\" name=\"wpforms[fields][20]\" value=\"Zapoznanie si\u0119 z tre\u015bci\u0105 poni\u017cszego o\u015bwiadczenia.\" aria-errormessage=\"wpforms-108-field_20_1-error\" aria-describedby=\"wpforms-108-field_20-description\" required ><label class=\"wpforms-field-label-inline\" for=\"wpforms-108-field_20_1\">Zapoznanie si\u0119 z tre\u015bci\u0105 poni\u017cszego o\u015bwiadczenia.<\/label><\/li><\/ul><div id=\"wpforms-108-field_20-description\" class=\"wpforms-field-description\">Poni\u017csze o\u015bwiadczenie jest niezb\u0119dne do tego, aby\u015bmy mogli przyj\u0105\u0107 Twoje zg\u0142oszenie. Je\u015bli nie chcesz go z\u0142o\u017cy\u0107, skontaktuj si\u0119 z nami poprzez inny kana\u0142 zg\u0142aszania narusze\u0144 opisany w <a href=\"https:\/\/sygnalisci.recman.pl\/wp-content\/uploads\/2024\/09\/ProceduraJAWNA.pdf\">Procedurze dotycz\u0105cej przyjmowania zg\u0142osze\u0144 oraz podejmowania dzia\u0142a\u0144 nast\u0119pczych w zwi\u0105zku z tymi zg\u0142oszeniami<\/a><br\/>\r\nO\u015bwiadczam, i\u017c:\r\n<br \/>\r\n1.\tDokonuj\u0105c niniejszego zg\u0142oszenia naruszenia:\r\n<br \/>\r\n\u2022\tdzia\u0142am w dobrej wierze,<br \/>\r\n\u2022\tposiadam uzasadnione przekonanie, \u017ce ujawniana informacja, a tak\u017ce ka\u017cdy zawarty w niej zarzut s\u0105 w zasadniczej mierze prawdziwe,<br \/>\r\n\u2022\tnie dokonuj\u0119 ujawnienia w celu osi\u0105gni\u0119cia korzy\u015bci, <br \/>\r\n\u2022\tnaruszenie prawa b\u0119d\u0105ce przedmiotem zg\u0142oszenia nie godzi wy\u0142\u0105cznie w moje prawa, nie dokonuj\u0119 zg\u0142oszenia wy\u0142\u0105cznie w moim indywidualnym interesie,<br \/>\r\n\u2022\tdokonuj\u0105c zg\u0142oszenia ujawni\u0142em wszystkie znane mi fakty i okoliczno\u015bci dotycz\u0105ce przedmiotu zg\u0142oszenia;<br \/>\r\n\u2022\tznana jest mi obowi\u0105zuj\u0105ca u pracodawcy Procedura dotycz\u0105ca przyjmowania zg\u0142osze\u0144 oraz podejmowania dzia\u0142a\u0144 nast\u0119pczych w zwi\u0105zku z tymi zg\u0142oszeniami obowi\u0105zuj\u0105ca w podmiocie, w kt\u00f3rym zg\u0142aszam naruszenie. \r\n<br \/>\r\n2.\tJestem w pe\u0142ni \u015bwiadom mo\u017cliwych konsekwencji prawnych zwi\u0105zanych ze zg\u0142oszeniem naruszenia dokonanym w z\u0142ej wierze i mam \u015bwiadomo\u015b\u0107, \u017ce dokonanie zg\u0142oszenia lub ujawnienia publicznego nieprawdziwych informacji podlega grzywnie, karze ograniczenia wolno\u015bci albo pozbawienia wolno\u015bci do lat 3.\r\n<br \/>\r\n<a href=\"https:\/\/sygnalisci.recman.pl\/wp-content\/uploads\/2024\/09\/klauzula-informacyjna-spj.pdf\">Klauzula informacyjna sygnalisty<\/a><\/div><\/fieldset><\/div><\/div><!-- .wpforms-field-container --><div class=\"wpforms-submit-container\" ><input type=\"hidden\" name=\"wpforms[id]\" value=\"108\"><input type=\"hidden\" name=\"page_title\" value=\"Recman Sp. J. &#8211; Zg\u0142oszenia narusze\u0144\"><input type=\"hidden\" name=\"page_url\" value=\"https:\/\/sygnalisci.recman.pl\/?page_id=57\"><input type=\"hidden\" name=\"page_id\" value=\"57\"><input type=\"hidden\" name=\"wpforms[post_id]\" value=\"57\"><button type=\"submit\" name=\"wpforms[submit]\" id=\"wpforms-submit-108\" class=\"wpforms-submit\" data-alt-text=\"Wysy\u0142anie...\" data-submit-text=\"Wy\u015blij zg\u0142oszenie\" aria-live=\"assertive\" value=\"wpforms-submit\">Wy\u015blij zg\u0142oszenie<\/button><img decoding=\"async\" src=\"https:\/\/sygnalisci.recman.pl\/wp-content\/plugins\/wpforms-lite\/assets\/images\/submit-spin.svg\" class=\"wpforms-submit-spinner\" style=\"display: none;\" width=\"26\" height=\"26\" alt=\"Wczytywanie\"><\/div><\/form><\/div>  <!-- .wpforms-container -->\n<!-- \/wp:shortcode -->\t\t\t\t\t\t<\/div>\n\t\t\t\t<\/div>\n\t\t\t\t\t<\/div>\n\t\t\t\t<\/div>\n\t\t\t\t<\/div>\n\t\t","protected":false},"excerpt":{"rendered":"","protected":false},"author":1,"featured_media":0,"parent":0,"menu_order":0,"comment_status":"closed","ping_status":"closed","template":"","meta":{"footnotes":""},"class_list":["post-57","page","type-page","status-publish","hentry"],"_links":{"self":[{"href":"https:\/\/sygnalisci.recman.pl\/index.php?rest_route=\/wp\/v2\/pages\/57","targetHints":{"allow":["GET"]}}],"collection":[{"href":"https:\/\/sygnalisci.recman.pl\/index.php?rest_route=\/wp\/v2\/pages"}],"about":[{"href":"https:\/\/sygnalisci.recman.pl\/index.php?rest_route=\/wp\/v2\/types\/page"}],"author":[{"embeddable":true,"href":"https:\/\/sygnalisci.recman.pl\/index.php?rest_route=\/wp\/v2\/users\/1"}],"replies":[{"embeddable":true,"href":"https:\/\/sygnalisci.recman.pl\/index.php?rest_route=%2Fwp%2Fv2%2Fcomments&post=57"}],"version-history":[{"count":7,"href":"https:\/\/sygnalisci.recman.pl\/index.php?rest_route=\/wp\/v2\/pages\/57\/revisions"}],"predecessor-version":[{"id":114,"href":"https:\/\/sygnalisci.recman.pl\/index.php?rest_route=\/wp\/v2\/pages\/57\/revisions\/114"}],"wp:attachment":[{"href":"https:\/\/sygnalisci.recman.pl\/index.php?rest_route=%2Fwp%2Fv2%2Fmedia&parent=57"}],"curies":[{"name":"wp","href":"https:\/\/api.w.org\/{rel}","templated":true}]}}